{"id":972,"date":"2022-10-13T21:51:07","date_gmt":"2022-10-13T19:51:07","guid":{"rendered":"https:\/\/soureaumontsaintblaise.fr\/?page_id=972"},"modified":"2022-10-13T21:53:12","modified_gmt":"2022-10-13T19:53:12","slug":"le-bureau-2022-2023","status":"publish","type":"page","link":"https:\/\/soureaumontsaintblaise.fr\/?page_id=972","title":{"rendered":"Le Bureau 2022 &#8211; 2023"},"content":{"rendered":"\n<p>Le nouveau Bureau pour l&rsquo;ann\u00e9e 2022-2023 a \u00e9t\u00e9 \u00e9lu lors de l&rsquo;assembl\u00e9e g\u00e9n\u00e9rale :<\/p>\n\n\n\n<p><strong>Pr\u00e9sident<\/strong> : Raynald Briand <br><strong>Vice Pr\u00e9sidente<\/strong> : Fr\u00e9d\u00e9rique Bizart<br><strong>Tr\u00e9sorier<\/strong> : Kevin Bertholio<br><strong>Vice Tr\u00e9sori\u00e8re<\/strong> : Pauline Ber\u00e7on<\/p>\n\n\n\n<p><\/p>\n","protected":false},"excerpt":{"rendered":"<p>Le nouveau Bureau pour l&rsquo;ann\u00e9e 2022-2023 a \u00e9t\u00e9 \u00e9lu lors de l&rsquo;assembl\u00e9e g\u00e9n\u00e9rale : Pr\u00e9sident : Raynald Briand Vice Pr\u00e9sidente : Fr\u00e9d\u00e9rique BizartTr\u00e9sorier : Kevin BertholioVice Tr\u00e9sori\u00e8re : Pauline Ber\u00e7on<\/p>\n","protected":false},"author":1,"featured_media":0,"parent":0,"menu_order":0,"comment_status":"closed","ping_status":"closed","template":"","meta":{"material-hide-sections":[],"footnotes":""},"class_list":["post-972","page","type-page","status-publish","hentry"],"_links":{"self":[{"href":"https:\/\/soureaumontsaintblaise.fr\/index.php?rest_route=\/wp\/v2\/pages\/972","targetHints":{"allow":["GET"]}}],"collection":[{"href":"https:\/\/soureaumontsaintblaise.fr\/index.php?rest_route=\/wp\/v2\/pages"}],"about":[{"href":"https:\/\/soureaumontsaintblaise.fr\/index.php?rest_route=\/wp\/v2\/types\/page"}],"author":[{"embeddable":true,"href":"https:\/\/soureaumontsaintblaise.fr\/index.php?rest_route=\/wp\/v2\/users\/1"}],"replies":[{"embeddable":true,"href":"https:\/\/soureaumontsaintblaise.fr\/index.php?rest_route=%2Fwp%2Fv2%2Fcomments&post=972"}],"version-history":[{"count":3,"href":"https:\/\/soureaumontsaintblaise.fr\/index.php?rest_route=\/wp\/v2\/pages\/972\/revisions"}],"predecessor-version":[{"id":976,"href":"https:\/\/soureaumontsaintblaise.fr\/index.php?rest_route=\/wp\/v2\/pages\/972\/revisions\/976"}],"wp:attachment":[{"href":"https:\/\/soureaumontsaintblaise.fr\/index.php?rest_route=%2Fwp%2Fv2%2Fmedia&parent=972"}],"curies":[{"name":"wp","href":"https:\/\/api.w.org\/{rel}","templated":true}]}}