{"id":84,"date":"2020-10-11T17:34:33","date_gmt":"2020-10-11T15:34:33","guid":{"rendered":"http:\/\/verif.soureaumontsaintblaise.fr\/wordpressone\/?page_id=84"},"modified":"2026-01-15T14:51:00","modified_gmt":"2026-01-15T13:51:00","slug":"accueil-site","status":"publish","type":"page","link":"https:\/\/soureaumontsaintblaise.fr\/","title":{"rendered":"Accueil"},"content":{"rendered":"\n<div class=\"wp-block-cover alignfull is-light has-parallax\"><span aria-hidden=\"true\" class=\"wp-block-cover__background has-background-dim-90 has-background-dim\" style=\"background-color:#f7f2ff\"><\/span><div class=\"wp-block-cover__image-background wp-image-644 has-parallax\" style=\"background-position:50% 50%;background-image:url(https:\/\/soureaumontsaintblaise.fr\/wp-content\/uploads\/2021\/03\/Fond-de-site-sans-nom.jpg)\"><\/div><div class=\"wp-block-cover__inner-container is-layout-flow wp-block-cover-is-layout-flow\">\n<div class=\"wp-block-media-text alignwide is-stacked-on-mobile is-vertically-aligned-center\" style=\"grid-template-columns:20% auto\"><figure class=\"wp-block-media-text__media\"><img loading=\"lazy\" decoding=\"async\" width=\"181\" height=\"175\" src=\"https:\/\/soureaumontsaintblaise.fr\/wp-content\/uploads\/2020\/12\/logo_SOU-couleur.png\" alt=\"\" class=\"wp-image-294 size-full\"\/><\/figure><div class=\"wp-block-media-text__content\">\n<p class=\"has-text-align-center has-black-color has-text-color\" style=\"font-size:40px\"><strong>Sou des Ecoles<\/strong> <\/p>\n\n\n\n<p class=\"has-text-align-center has-black-color has-text-color\" style=\"font-size:40px\"><strong>R\u00e9aumont &#8211; Saint Blaise Du Buis<\/strong><\/p>\n<\/div><\/div>\n<\/div><\/div>\n\n\n\n<div class=\"wp-block-material-buttons aligncenter\">\n<div class=\"wp-block-material-button\" id=\"block-material-button-0\"><a href=\"mailto:sou.reaumontsaintblaise@gmail.com\" class=\"mdc-button mdc-button--elevated\"><i class=\"material-icons mdc-button__icon\">alternate_email<\/i><div class=\"mdc-button__ripple\"><\/div><span class=\"mdc-button__label\">Le Sou<\/span><\/a><\/div>\n\n\n\n<div class=\"wp-block-material-button\" id=\"block-material-button-4\"><a href=\"https:\/\/www.helloasso.com\/associations\/sou-des-ecoles-laiques-de-reaumont-saint-blaise-du-buis\" rel=\"noreferrer noopener\" target=\"_blank\" class=\"mdc-button mdc-button--filled\"><i class=\"material-icons mdc-button__icon\">assessment<\/i><div class=\"mdc-button__ripple\"><\/div><span class=\"mdc-button__label\">Page HelloAsso<\/span><\/a><\/div>\n\n\n\n<div class=\"wp-block-material-button\" id=\"block-material-button-5\"><a href=\"https:\/\/www.facebook.com\/profile.php?id=100064394453834\" rel=\"noreferrer noopener\" target=\"_blank\" style=\"border-radius:20px\" class=\"mdc-button mdc-button--filled\"><i class=\"material-icons mdc-button__icon\">facebook<\/i><div class=\"mdc-button__ripple\"><\/div><span class=\"mdc-button__label\">Facebook<\/span><\/a><\/div>\n\n\n\n<div class=\"wp-block-material-button\" id=\"block-material-button-3\"><a href=\"https:\/\/soureaumontsaintblaise.fr\/wp-login\" class=\"mdc-button mdc-button--elevated\"><i class=\"material-icons mdc-button__icon\">spa<\/i><div class=\"mdc-button__ripple\"><\/div><span class=\"mdc-button__label\">Se connecter<\/span><\/a><\/div>\n<\/div>\n\n\n\n<figure class=\"wp-block-image size-large is-resized\"><img loading=\"lazy\" decoding=\"async\" width=\"747\" height=\"1024\" src=\"https:\/\/soureaumontsaintblaise.fr\/wp-content\/uploads\/2026\/01\/909274ab-7bf2-44b9-802c-34019518a6e1-747x1024.jpg\" alt=\"\" class=\"wp-image-1334\" style=\"width:840px;height:auto\" srcset=\"https:\/\/soureaumontsaintblaise.fr\/wp-content\/uploads\/2026\/01\/909274ab-7bf2-44b9-802c-34019518a6e1-747x1024.jpg 747w, https:\/\/soureaumontsaintblaise.fr\/wp-content\/uploads\/2026\/01\/909274ab-7bf2-44b9-802c-34019518a6e1-219x300.jpg 219w, https:\/\/soureaumontsaintblaise.fr\/wp-content\/uploads\/2026\/01\/909274ab-7bf2-44b9-802c-34019518a6e1-768x1052.jpg 768w, https:\/\/soureaumontsaintblaise.fr\/wp-content\/uploads\/2026\/01\/909274ab-7bf2-44b9-802c-34019518a6e1.jpg 864w\" sizes=\"auto, (max-width: 747px) 100vw, 747px\" \/><\/figure>\n\n\n\n<p><\/p>\n\n\n\n<h2 class=\"wp-block-heading\" id=\"articles-recents\">Articles r\u00e9cents<\/h2>\n\n\n<div class=\"wp-block-material-posts-list alignwide\">\n<div class=\"masonry-grid layout-masonry-4 \">\n\t\n\t\t\t\t\t\t\t\t\t\t\n\t\t\t\t<div class=\"masonry-grid_column\">\n\t\t\t\n\t\t\t\n<div class=\"mdc-layout-grid__cell--span-12\">\n\t<div class=\"single-post-card single-post-basic mdc-card single-post-card__masonry mdc-card--\">\n\t\t<a class=\"mdc-card__link\" href=\"https:\/\/soureaumontsaintblaise.fr\/?p=1320\">\n\t\t\t<div class=\"mdc-card__primary-action single-post-card__primary-action\">\n\t\t\t\t\n<div class=\"single-post-card__primary\">\n\t<h2 class=\"single-post-card__title title-large\">\n\t\t<div>Inscription march\u00e9 de No\u00ebl 2025<\/div>\n\t<\/h2>\n\n\t\t\t<h3 class=\"single-post-card__subtitle label-small\">\n\t\t\t<time>\n\t\t\t14 septembre 2025\t\t\t<\/time>\n\t\t<\/h3>\n\t<\/div> <!-- single-post-card__primary -->\n\t<div class=\"single-post-card__secondary body-medium single-post-card__secondary-text-above-media\">\n\t\t<p>\n\t\t\tLe sou des \u00e9coles revient pour la 3\u00e8me ann\u00e9e avec son march\u00e9 de No\u00ebl. Celui-ci se d\u00e9roulera le vendredi 5 d\u00e9cembre 2025 \u00e0 partir de 16h30 \u00e0 R\u00e9aumont. Vous trouverez [&hellip;]\t\t<\/p>\n\t<\/div> <!-- single-post-card__secondary -->\n\n\t\t\t<\/div> <!-- mdc-card__primary-action -->\n\t\t<\/a> <!-- mdc-card__link -->\n\n\t\t\n\t<\/div> <!-- single-post-card -->\n<\/div> <!-- mdc-layout-grid__cell--span-12 -->\n\n\t\t\t<\/div>\n<div class='masonry-grid_column'>\n\t\t\t\n<div class=\"mdc-layout-grid__cell--span-12\">\n\t<div class=\"single-post-card single-post-basic mdc-card single-post-card__masonry mdc-card--\">\n\t\t<a class=\"mdc-card__link\" href=\"https:\/\/soureaumontsaintblaise.fr\/?p=1204\">\n\t\t\t<div class=\"mdc-card__primary-action single-post-card__primary-action\">\n\t\t\t\t\n<div class=\"single-post-card__primary\">\n\t<h2 class=\"single-post-card__title title-large\">\n\t\t<div>Cotisation 2024 &#8211; 2025<\/div>\n\t<\/h2>\n\n\t\t\t<h3 class=\"single-post-card__subtitle label-small\">\n\t\t\t<time>\n\t\t\t19 novembre 2024\t\t\t<\/time>\n\t\t<\/h3>\n\t<\/div> <!-- single-post-card__primary -->\n\t<div class=\"single-post-card__secondary body-medium single-post-card__secondary-text-above-media\">\n\t\t<p>\n\t\t\tComment ? Cotisation en ligne HelloAsso Lien HelloAsso Date limite de commande le 30 juin 2025\t\t<\/p>\n\t<\/div> <!-- single-post-card__secondary -->\n\n\t\t\t<\/div> <!-- mdc-card__primary-action -->\n\t\t<\/a> <!-- mdc-card__link -->\n\n\t\t\n\t<\/div> <!-- single-post-card -->\n<\/div> <!-- mdc-layout-grid__cell--span-12 -->\n\n\t\t\t<\/div>\n<div class='masonry-grid_column'>\n\t\t\t\n<div class=\"mdc-layout-grid__cell--span-12\">\n\t<div class=\"single-post-card single-post-basic mdc-card single-post-card__masonry mdc-card--\">\n\t\t<a class=\"mdc-card__link\" href=\"https:\/\/soureaumontsaintblaise.fr\/?p=1163\">\n\t\t\t<div class=\"mdc-card__primary-action single-post-card__primary-action\">\n\t\t\t\t\n<div class=\"single-post-card__primary\">\n\t<h2 class=\"single-post-card__title title-large\">\n\t\t<div>Inscription march\u00e9 de No\u00ebl 2024<\/div>\n\t<\/h2>\n\n\t\t\t<h3 class=\"single-post-card__subtitle label-small\">\n\t\t\t<time>\n\t\t\t19 novembre 2024\t\t\t<\/time>\n\t\t<\/h3>\n\t<\/div> <!-- single-post-card__primary -->\n\t<div class=\"single-post-card__secondary body-medium single-post-card__secondary-text-above-media\">\n\t\t<p>\n\t\t\tNous avons le plaisir de vous informer que le sou des \u00e9coles R\u00e9aumont-Saint Blaise du Buis organise pour la 2\u00e8me ann\u00e9e son march\u00e9 de No\u00ebl \u00e0 R\u00e9aumont, le VENDREDI 6 [&hellip;]\t\t<\/p>\n\t<\/div> <!-- single-post-card__secondary -->\n\n\t\t\t<\/div> <!-- mdc-card__primary-action -->\n\t\t<\/a> <!-- mdc-card__link -->\n\n\t\t\n\t<\/div> <!-- single-post-card -->\n<\/div> <!-- mdc-layout-grid__cell--span-12 -->\n\n\t\t\t<\/div>\n<div class='masonry-grid_column'>\n\t\t\t\n<div class=\"mdc-layout-grid__cell--span-12\">\n\t<div class=\"single-post-card single-post-basic mdc-card single-post-card__masonry mdc-card--\">\n\t\t<a class=\"mdc-card__link\" href=\"https:\/\/soureaumontsaintblaise.fr\/?p=1215\">\n\t\t\t<div class=\"mdc-card__primary-action single-post-card__primary-action\">\n\t\t\t\t\n<div class=\"single-post-card__primary\">\n\t<h2 class=\"single-post-card__title title-large\">\n\t\t<div>Le Bureau 2024 &#8211; 2025<\/div>\n\t<\/h2>\n\n\t\t\t<h3 class=\"single-post-card__subtitle label-small\">\n\t\t\t<time>\n\t\t\t19 novembre 2024\t\t\t<\/time>\n\t\t<\/h3>\n\t<\/div> <!-- single-post-card__primary -->\n\t<div class=\"single-post-card__secondary body-medium single-post-card__secondary-text-above-media\">\n\t\t<p>\n\t\t\tLe nouveau Bureau pour l\u2019ann\u00e9e 2024-2025 a \u00e9t\u00e9 \u00e9lu lors de l\u2019assembl\u00e9e g\u00e9n\u00e9rale :\t\t<\/p>\n\t<\/div> <!-- single-post-card__secondary -->\n\n\t\t\t<\/div> <!-- mdc-card__primary-action -->\n\t\t<\/a> <!-- mdc-card__link -->\n\n\t\t\n\t<\/div> <!-- single-post-card -->\n<\/div> <!-- mdc-layout-grid__cell--span-12 -->\n\n\t\t\t\t\t<\/div>\n\n\t\t\t\t\n\t<\/div>\n<\/div>\n\n\n<div class=\"wp-block-material-image-list alignfull\" id=\"block-material-image-list-0\"><ul class=\"mdc-image-list mdc-image-list--with-text-protection\"><li class=\"mdc-image-list__item\"><a class=\"mdc-image-list__item-wrap\" href=\"https:\/\/soureaumontsaintblaise.fr\/wp-content\/uploads\/2025\/04\/flyer-pucier-1-724x1024.jpg\"><div class=\"mdc-image-list__image-aspect-container\"><img decoding=\"async\" class=\"mdc-image-list__image\" alt=\"\" src=\"https:\/\/soureaumontsaintblaise.fr\/wp-content\/uploads\/2025\/04\/flyer-pucier-1-724x1024.jpg\" data-id=\"1294\" data-link=\"https:\/\/soureaumontsaintblaise.fr\/?attachment_id=1294\"\/><\/div><\/a><\/li><li class=\"mdc-image-list__item\"><a class=\"mdc-image-list__item-wrap\" href=\"https:\/\/soureaumontsaintblaise.fr\/wp-content\/uploads\/2025\/01\/Capture-decran-2025-01-28-143953.jpg\"><div class=\"mdc-image-list__image-aspect-container\"><img decoding=\"async\" class=\"mdc-image-list__image\" alt=\"\" src=\"https:\/\/soureaumontsaintblaise.fr\/wp-content\/uploads\/2025\/01\/Capture-decran-2025-01-28-143953.jpg\" data-id=\"1286\" data-link=\"https:\/\/soureaumontsaintblaise.fr\/?attachment_id=1286\"\/><\/div><\/a><\/li><li class=\"mdc-image-list__item\"><a class=\"mdc-image-list__item-wrap\" href=\"https:\/\/soureaumontsaintblaise.fr\/wp-content\/uploads\/2025\/01\/Vente-vin-fromage-2025-Recto.jpg\"><div class=\"mdc-image-list__image-aspect-container\"><img decoding=\"async\" class=\"mdc-image-list__image\" alt=\"\" src=\"https:\/\/soureaumontsaintblaise.fr\/wp-content\/uploads\/2025\/01\/Vente-vin-fromage-2025-Recto.jpg\" data-id=\"1265\" data-link=\"https:\/\/soureaumontsaintblaise.fr\/?attachment_id=1265\"\/><\/div><\/a><\/li><li class=\"mdc-image-list__item\"><a class=\"mdc-image-list__item-wrap\" href=\"https:\/\/soureaumontsaintblaise.fr\/wp-content\/uploads\/2025\/01\/Vente-vin-fromage-2025-Verso.jpg\"><div class=\"mdc-image-list__image-aspect-container\"><img decoding=\"async\" class=\"mdc-image-list__image\" alt=\"\" src=\"https:\/\/soureaumontsaintblaise.fr\/wp-content\/uploads\/2025\/01\/Vente-vin-fromage-2025-Verso.jpg\" data-id=\"1266\" data-link=\"https:\/\/soureaumontsaintblaise.fr\/?attachment_id=1266\"\/><\/div><\/a><\/li><li class=\"mdc-image-list__item\"><a class=\"mdc-image-list__item-wrap\" href=\"https:\/\/soureaumontsaintblaise.fr\/wp-content\/uploads\/2024\/11\/Sapin-1-2.png\"><div class=\"mdc-image-list__image-aspect-container\"><img decoding=\"async\" class=\"mdc-image-list__image\" alt=\"\" src=\"https:\/\/soureaumontsaintblaise.fr\/wp-content\/uploads\/2024\/11\/Sapin-1-2.png\" data-id=\"1236\" data-link=\"https:\/\/soureaumontsaintblaise.fr\/?attachment_id=1236\"\/><\/div><\/a><\/li><li class=\"mdc-image-list__item\"><a class=\"mdc-image-list__item-wrap\" href=\"https:\/\/soureaumontsaintblaise.fr\/wp-content\/uploads\/2024\/11\/Sapin-2-2.png\"><div class=\"mdc-image-list__image-aspect-container\"><img decoding=\"async\" class=\"mdc-image-list__image\" alt=\"\" src=\"https:\/\/soureaumontsaintblaise.fr\/wp-content\/uploads\/2024\/11\/Sapin-2-2.png\" data-id=\"1233\" data-link=\"https:\/\/soureaumontsaintblaise.fr\/?attachment_id=1233\"\/><\/div><\/a><\/li><li class=\"mdc-image-list__item\"><a class=\"mdc-image-list__item-wrap\" href=\"https:\/\/soureaumontsaintblaise.fr\/wp-content\/uploads\/2024\/11\/Fete-Noel-1-2.png\"><div class=\"mdc-image-list__image-aspect-container\"><img decoding=\"async\" class=\"mdc-image-list__image\" alt=\"\" src=\"https:\/\/soureaumontsaintblaise.fr\/wp-content\/uploads\/2024\/11\/Fete-Noel-1-2.png\" data-id=\"1235\" data-link=\"https:\/\/soureaumontsaintblaise.fr\/?attachment_id=1235\"\/><\/div><\/a><\/li><li class=\"mdc-image-list__item\"><a class=\"mdc-image-list__item-wrap\" href=\"https:\/\/soureaumontsaintblaise.fr\/wp-content\/uploads\/2024\/11\/Fete-Noel-2-2-1.png\"><div class=\"mdc-image-list__image-aspect-container\"><img decoding=\"async\" class=\"mdc-image-list__image\" alt=\"\" src=\"https:\/\/soureaumontsaintblaise.fr\/wp-content\/uploads\/2024\/11\/Fete-Noel-2-2-1.png\" data-id=\"1234\" data-link=\"https:\/\/soureaumontsaintblaise.fr\/?attachment_id=1234\"\/><\/div><\/a><\/li><li class=\"mdc-image-list__item\"><a class=\"mdc-image-list__item-wrap\" href=\"https:\/\/soureaumontsaintblaise.fr\/wp-content\/uploads\/2024\/11\/WhatsApp-Image-2024-10-08-at-20.18.04-1-724x1024.jpeg\"><div class=\"mdc-image-list__image-aspect-container\"><img decoding=\"async\" class=\"mdc-image-list__image\" alt=\"\" src=\"https:\/\/soureaumontsaintblaise.fr\/wp-content\/uploads\/2024\/11\/WhatsApp-Image-2024-10-08-at-20.18.04-1-724x1024.jpeg\" data-id=\"1193\" data-link=\"https:\/\/soureaumontsaintblaise.fr\/?attachment_id=1193\"\/><\/div><\/a><\/li><li class=\"mdc-image-list__item\"><a class=\"mdc-image-list__item-wrap\" href=\"https:\/\/soureaumontsaintblaise.fr\/wp-content\/uploads\/2024\/11\/WhatsApp-Image-2024-09-08-at-17.21.32-2-727x1024.jpeg\"><div class=\"mdc-image-list__image-aspect-container\"><img decoding=\"async\" class=\"mdc-image-list__image\" alt=\"\" src=\"https:\/\/soureaumontsaintblaise.fr\/wp-content\/uploads\/2024\/11\/WhatsApp-Image-2024-09-08-at-17.21.32-2-727x1024.jpeg\" data-id=\"1192\" data-link=\"https:\/\/soureaumontsaintblaise.fr\/?attachment_id=1192\"\/><\/div><\/a><\/li><li class=\"mdc-image-list__item\"><a class=\"mdc-image-list__item-wrap\" href=\"https:\/\/soureaumontsaintblaise.fr\/wp-content\/uploads\/2024\/05\/FLYR-KERMESSE-724x1024.jpg\"><div class=\"mdc-image-list__image-aspect-container\"><img decoding=\"async\" class=\"mdc-image-list__image\" alt=\"\" src=\"https:\/\/soureaumontsaintblaise.fr\/wp-content\/uploads\/2024\/05\/FLYR-KERMESSE-724x1024.jpg\" data-id=\"1151\" data-link=\"https:\/\/soureaumontsaintblaise.fr\/?attachment_id=1151\"\/><\/div><\/a><\/li><li class=\"mdc-image-list__item\"><a class=\"mdc-image-list__item-wrap\" href=\"https:\/\/soureaumontsaintblaise.fr\/wp-content\/uploads\/2024\/03\/IMG_8128-712x1024.jpg\"><div class=\"mdc-image-list__image-aspect-container\"><img decoding=\"async\" class=\"mdc-image-list__image\" alt=\"\" src=\"https:\/\/soureaumontsaintblaise.fr\/wp-content\/uploads\/2024\/03\/IMG_8128-712x1024.jpg\" data-id=\"1137\" data-link=\"https:\/\/soureaumontsaintblaise.fr\/?attachment_id=1137\"\/><\/div><\/a><\/li><li class=\"mdc-image-list__item\"><a class=\"mdc-image-list__item-wrap\" href=\"https:\/\/soureaumontsaintblaise.fr\/wp-content\/uploads\/2024\/02\/affiche-carnaval-721x1024.jpg\"><div class=\"mdc-image-list__image-aspect-container\"><img decoding=\"async\" class=\"mdc-image-list__image\" alt=\"\" src=\"https:\/\/soureaumontsaintblaise.fr\/wp-content\/uploads\/2024\/02\/affiche-carnaval-721x1024.jpg\" data-id=\"1117\" data-link=\"https:\/\/soureaumontsaintblaise.fr\/?attachment_id=1117\"\/><\/div><\/a><\/li><li class=\"mdc-image-list__item\"><a class=\"mdc-image-list__item-wrap\" href=\"https:\/\/soureaumontsaintblaise.fr\/wp-content\/uploads\/2023\/11\/Flyers-724x1024.png\"><div class=\"mdc-image-list__image-aspect-container\"><img decoding=\"async\" class=\"mdc-image-list__image\" alt=\"\" src=\"https:\/\/soureaumontsaintblaise.fr\/wp-content\/uploads\/2023\/11\/Flyers-724x1024.png\" data-id=\"1103\" data-link=\"https:\/\/soureaumontsaintblaise.fr\/?attachment_id=1103\"\/><\/div><\/a><\/li><li class=\"mdc-image-list__item\"><a class=\"mdc-image-list__item-wrap\" href=\"https:\/\/soureaumontsaintblaise.fr\/wp-content\/uploads\/2023\/10\/flyer-sapin-741x1024.jpg\"><div class=\"mdc-image-list__image-aspect-container\"><img decoding=\"async\" class=\"mdc-image-list__image\" alt=\"\" src=\"https:\/\/soureaumontsaintblaise.fr\/wp-content\/uploads\/2023\/10\/flyer-sapin-741x1024.jpg\" data-id=\"1089\" data-link=\"https:\/\/soureaumontsaintblaise.fr\/?attachment_id=1089\"\/><\/div><\/a><\/li><li class=\"mdc-image-list__item\"><a class=\"mdc-image-list__item-wrap\" href=\"https:\/\/soureaumontsaintblaise.fr\/wp-content\/uploads\/2023\/10\/Affiche-finale-rugby_page-0001-724x1024.jpg\"><div class=\"mdc-image-list__image-aspect-container\"><img decoding=\"async\" class=\"mdc-image-list__image\" alt=\"\" src=\"https:\/\/soureaumontsaintblaise.fr\/wp-content\/uploads\/2023\/10\/Affiche-finale-rugby_page-0001-724x1024.jpg\" data-id=\"1094\" data-link=\"https:\/\/soureaumontsaintblaise.fr\/?attachment_id=1094\"\/><\/div><\/a><\/li><li class=\"mdc-image-list__item\"><a class=\"mdc-image-list__item-wrap\" href=\"https:\/\/soureaumontsaintblaise.fr\/wp-content\/uploads\/2024\/02\/flyer-vin-fromage_page-0001-724x1024.jpg\"><div class=\"mdc-image-list__image-aspect-container\"><img decoding=\"async\" class=\"mdc-image-list__image\" alt=\"\" src=\"https:\/\/soureaumontsaintblaise.fr\/wp-content\/uploads\/2024\/02\/flyer-vin-fromage_page-0001-724x1024.jpg\" data-id=\"1129\" data-link=\"https:\/\/soureaumontsaintblaise.fr\/?attachment_id=1129\"\/><\/div><\/a><\/li><li class=\"mdc-image-list__item\"><a class=\"mdc-image-list__item-wrap\" href=\"https:\/\/soureaumontsaintblaise.fr\/wp-content\/uploads\/2023\/10\/affiche-halloween--724x1024.jpg\"><div class=\"mdc-image-list__image-aspect-container\"><img decoding=\"async\" class=\"mdc-image-list__image\" alt=\"\" src=\"https:\/\/soureaumontsaintblaise.fr\/wp-content\/uploads\/2023\/10\/affiche-halloween--724x1024.jpg\" data-id=\"1082\" data-link=\"https:\/\/soureaumontsaintblaise.fr\/?attachment_id=1082\"\/><\/div><\/a><\/li><li class=\"mdc-image-list__item\"><a class=\"mdc-image-list__item-wrap\" href=\"https:\/\/soureaumontsaintblaise.fr\/wp-content\/uploads\/2023\/09\/flyer-gouter--724x1024.jpg\"><div class=\"mdc-image-list__image-aspect-container\"><img decoding=\"async\" class=\"mdc-image-list__image\" alt=\"\" src=\"https:\/\/soureaumontsaintblaise.fr\/wp-content\/uploads\/2023\/09\/flyer-gouter--724x1024.jpg\" data-id=\"1047\" data-link=\"https:\/\/soureaumontsaintblaise.fr\/?attachment_id=1047\"\/><\/div><\/a><\/li><li class=\"mdc-image-list__item\"><a class=\"mdc-image-list__item-wrap\" href=\"https:\/\/soureaumontsaintblaise.fr\/wp-content\/uploads\/2024\/03\/424961383_708932351409175_1589293220481842505_n-723x1024.jpg\"><div class=\"mdc-image-list__image-aspect-container\"><img decoding=\"async\" class=\"mdc-image-list__image\" alt=\"\" src=\"https:\/\/soureaumontsaintblaise.fr\/wp-content\/uploads\/2024\/03\/424961383_708932351409175_1589293220481842505_n-723x1024.jpg\" data-id=\"1134\" data-link=\"https:\/\/soureaumontsaintblaise.fr\/?attachment_id=1134\"\/><\/div><\/a><\/li><li class=\"mdc-image-list__item\"><a class=\"mdc-image-list__item-wrap\" href=\"https:\/\/soureaumontsaintblaise.fr\/wp-content\/uploads\/2023\/09\/Affiche-coupe-du-monde-de-rugby-6-octobre-2-1_page-0001-724x1024.jpg\"><div class=\"mdc-image-list__image-aspect-container\"><img decoding=\"async\" class=\"mdc-image-list__image\" alt=\"\" src=\"https:\/\/soureaumontsaintblaise.fr\/wp-content\/uploads\/2023\/09\/Affiche-coupe-du-monde-de-rugby-6-octobre-2-1_page-0001-724x1024.jpg\" data-id=\"1078\" data-link=\"https:\/\/soureaumontsaintblaise.fr\/?attachment_id=1078\"\/><\/div><\/a><\/li><\/ul><\/div>\n","protected":false},"excerpt":{"rendered":"<p>Articles r\u00e9cents<\/p>\n","protected":false},"author":1,"featured_media":0,"parent":0,"menu_order":0,"comment_status":"closed","ping_status":"closed","template":"","meta":{"material-hide-sections":{"title":true},"footnotes":""},"class_list":["post-84","page","type-page","status-publish","hentry"],"_links":{"self":[{"href":"https:\/\/soureaumontsaintblaise.fr\/index.php?rest_route=\/wp\/v2\/pages\/84","targetHints":{"allow":["GET"]}}],"collection":[{"href":"https:\/\/soureaumontsaintblaise.fr\/index.php?rest_route=\/wp\/v2\/pages"}],"about":[{"href":"https:\/\/soureaumontsaintblaise.fr\/index.php?rest_route=\/wp\/v2\/types\/page"}],"author":[{"embeddable":true,"href":"https:\/\/soureaumontsaintblaise.fr\/index.php?rest_route=\/wp\/v2\/users\/1"}],"replies":[{"embeddable":true,"href":"https:\/\/soureaumontsaintblaise.fr\/index.php?rest_route=%2Fwp%2Fv2%2Fcomments&post=84"}],"version-history":[{"count":163,"href":"https:\/\/soureaumontsaintblaise.fr\/index.php?rest_route=\/wp\/v2\/pages\/84\/revisions"}],"predecessor-version":[{"id":1335,"href":"https:\/\/soureaumontsaintblaise.fr\/index.php?rest_route=\/wp\/v2\/pages\/84\/revisions\/1335"}],"wp:attachment":[{"href":"https:\/\/soureaumontsaintblaise.fr\/index.php?rest_route=%2Fwp%2Fv2%2Fmedia&parent=84"}],"curies":[{"name":"wp","href":"https:\/\/api.w.org\/{rel}","templated":true}]}}