{"id":825,"date":"2021-09-28T08:07:13","date_gmt":"2021-09-28T06:07:13","guid":{"rendered":"https:\/\/soureaumontsaintblaise.fr\/?page_id=825"},"modified":"2021-09-28T08:07:13","modified_gmt":"2021-09-28T06:07:13","slug":"le-bureau-2021-2022","status":"publish","type":"page","link":"https:\/\/soureaumontsaintblaise.fr\/?page_id=825","title":{"rendered":"Le Bureau 2021 &#8211; 2022"},"content":{"rendered":"\n<p>Le nouveau Bureau pour l&rsquo;ann\u00e9e 2021-2022 a \u00e9t\u00e9 \u00e9lu lors de l&rsquo;assembl\u00e9e g\u00e9n\u00e9rale :<\/p>\n\n\n\n<p><strong>Pr\u00e9sidente<\/strong> : Fr\u00e9d\u00e9rique Bizart<br><strong>Vice Pr\u00e9sident<\/strong> : Simon Assani<br><strong>Secr\u00e9taire<\/strong> : Morgane Fournier<br><strong>Tr\u00e9sorier<\/strong> : Raynald Briand<br><strong>Vice Tr\u00e9sorier<\/strong> : Kevin Bertholio<\/p>\n\n\n\n<figure class=\"wp-block-gallery columns-1 is-cropped wp-block-gallery-1 is-layout-flex wp-block-gallery-is-layout-flex\"><ul class=\"blocks-gallery-grid\"><li class=\"blocks-gallery-item\"><figure><img loading=\"lazy\" decoding=\"async\" width=\"1024\" height=\"768\" src=\"https:\/\/soureaumontsaintblaise.fr\/wp-content\/uploads\/2021\/09\/IMG_20210921_223609-1024x768.jpg\" alt=\"\" data-id=\"826\" data-full-url=\"https:\/\/soureaumontsaintblaise.fr\/wp-content\/uploads\/2021\/09\/IMG_20210921_223609-scaled.jpg\" data-link=\"https:\/\/soureaumontsaintblaise.fr\/?attachment_id=826\" class=\"wp-image-826\" srcset=\"https:\/\/soureaumontsaintblaise.fr\/wp-content\/uploads\/2021\/09\/IMG_20210921_223609-1024x768.jpg 1024w, https:\/\/soureaumontsaintblaise.fr\/wp-content\/uploads\/2021\/09\/IMG_20210921_223609-300x225.jpg 300w, https:\/\/soureaumontsaintblaise.fr\/wp-content\/uploads\/2021\/09\/IMG_20210921_223609-768x576.jpg 768w, https:\/\/soureaumontsaintblaise.fr\/wp-content\/uploads\/2021\/09\/IMG_20210921_223609-1536x1152.jpg 1536w, https:\/\/soureaumontsaintblaise.fr\/wp-content\/uploads\/2021\/09\/IMG_20210921_223609-2048x1536.jpg 2048w\" sizes=\"auto, (max-width: 1024px) 100vw, 1024px\" \/><\/figure><\/li><\/ul><\/figure>\n\n\n\n<p>De gauche \u00e0 droite : Kevin, Morgane, Raynald, Fr\u00e9d\u00e9rique, Simon<\/p>\n","protected":false},"excerpt":{"rendered":"<p>Le nouveau Bureau pour l&rsquo;ann\u00e9e 2021-2022 a \u00e9t\u00e9 \u00e9lu lors de l&rsquo;assembl\u00e9e g\u00e9n\u00e9rale : Pr\u00e9sidente : Fr\u00e9d\u00e9rique BizartVice Pr\u00e9sident : Simon AssaniSecr\u00e9taire : Morgane FournierTr\u00e9sorier : Raynald BriandVice Tr\u00e9sorier : Kevin Bertholio De gauche \u00e0 droite : Kevin, Morgane, Raynald, Fr\u00e9d\u00e9rique, Simon<\/p>\n","protected":false},"author":1,"featured_media":0,"parent":0,"menu_order":0,"comment_status":"closed","ping_status":"closed","template":"","meta":{"material-hide-sections":[],"footnotes":""},"class_list":["post-825","page","type-page","status-publish","hentry"],"_links":{"self":[{"href":"https:\/\/soureaumontsaintblaise.fr\/index.php?rest_route=\/wp\/v2\/pages\/825","targetHints":{"allow":["GET"]}}],"collection":[{"href":"https:\/\/soureaumontsaintblaise.fr\/index.php?rest_route=\/wp\/v2\/pages"}],"about":[{"href":"https:\/\/soureaumontsaintblaise.fr\/index.php?rest_route=\/wp\/v2\/types\/page"}],"author":[{"embeddable":true,"href":"https:\/\/soureaumontsaintblaise.fr\/index.php?rest_route=\/wp\/v2\/users\/1"}],"replies":[{"embeddable":true,"href":"https:\/\/soureaumontsaintblaise.fr\/index.php?rest_route=%2Fwp%2Fv2%2Fcomments&post=825"}],"version-history":[{"count":1,"href":"https:\/\/soureaumontsaintblaise.fr\/index.php?rest_route=\/wp\/v2\/pages\/825\/revisions"}],"predecessor-version":[{"id":827,"href":"https:\/\/soureaumontsaintblaise.fr\/index.php?rest_route=\/wp\/v2\/pages\/825\/revisions\/827"}],"wp:attachment":[{"href":"https:\/\/soureaumontsaintblaise.fr\/index.php?rest_route=%2Fwp%2Fv2%2Fmedia&parent=825"}],"curies":[{"name":"wp","href":"https:\/\/api.w.org\/{rel}","templated":true}]}}