{"id":765,"date":"2021-09-21T21:59:17","date_gmt":"2021-09-21T19:59:17","guid":{"rendered":"https:\/\/soureaumontsaintblaise.fr\/?page_id=765"},"modified":"2025-04-18T16:18:54","modified_gmt":"2025-04-18T14:18:54","slug":"agenda-2021-2022","status":"publish","type":"page","link":"https:\/\/soureaumontsaintblaise.fr\/?page_id=765","title":{"rendered":"Agenda 2024 &#8211; 2025"},"content":{"rendered":"\n<p><\/p>\n\n\n\n<div class=\"wp-block-material-data-table wp-block-table\"><div class=\"mdc-data-table\"><table class=\"mdc-data-table__table\"><thead class=\"\"><tr class=\"mdc-data-table__header-row\"><th class=\"mdc-data-table__header-cell\"><strong>Manifestations<\/strong><\/th><th class=\"mdc-data-table__header-cell\"><strong>Date<\/strong><\/th><\/tr><\/thead><tbody class=\"mdc-data-table__content\"><tr class=\"mdc-data-table__row\"><td class=\"mdc-data-table__cell\">Go\u00fbter soir\u00e9e jeux de soci\u00e9t\u00e9<\/td><td class=\"mdc-data-table__cell\">21 Septembre 2024<\/td><\/tr><tr class=\"mdc-data-table__row\"><td class=\"mdc-data-table__cell\">Bal Halloween<\/td><td class=\"mdc-data-table__cell\">31 Octobre 2024<\/td><\/tr><tr class=\"mdc-data-table__row\"><td class=\"mdc-data-table__cell\">Vente de sapins et tartiflettes<\/td><td class=\"mdc-data-table__cell\">Jusqu&rsquo;au 29 Novembre 2024 (inclus)<\/td><\/tr><tr class=\"mdc-data-table__row\"><td class=\"mdc-data-table__cell\">March\u00e9 de No\u00ebl + Distribution des sapins et tartiflettes<\/td><td class=\"mdc-data-table__cell\">6 D\u00e9cembre 2024<\/td><\/tr><tr class=\"mdc-data-table__row\"><td class=\"mdc-data-table__cell\">P\u00e8re No\u00ebl et distribution de ballotins \u00e0 l&rsquo;\u00e9cole<\/td><td class=\"mdc-data-table__cell\">17 d\u00e9cembre 2024<\/td><\/tr><tr class=\"mdc-data-table__row\"><td class=\"mdc-data-table__cell\">Vente de vins et fromages<\/td><td class=\"mdc-data-table__cell\">Distribution le 23 Janvier 2025 \u00e0 Saint Blaise du Buis<\/td><\/tr><tr class=\"mdc-data-table__row\"><td class=\"mdc-data-table__cell\">Concours de belote<\/td><td class=\"mdc-data-table__cell\">15 F\u00e9vrier 2025 \u00e0 partir de 19h00<br>Salle Parm\u00e9nie \u00e0 Saint Blaise du Buis<\/td><\/tr><tr class=\"mdc-data-table__row\"><td class=\"mdc-data-table__cell\"><mark style=\"background-color:rgba(0, 0, 0, 0)\" class=\"has-inline-color has-black-color\">Carnaval<\/mark><\/td><td class=\"mdc-data-table__cell\">15 Mars 2025 Halle Saint Blaise du Buis<\/td><\/tr><tr class=\"mdc-data-table__row\"><td class=\"mdc-data-table__cell\">Pucier<\/td><td class=\"mdc-data-table__cell\">18 Mai 2025 Halle Saint Blaise du Buis<\/td><\/tr><tr class=\"mdc-data-table__row\"><td class=\"mdc-data-table__cell\">Vente torchons et sacs isotherme avec les dessins des enfants<\/td><td class=\"mdc-data-table__cell\">Date \u00e0 venir<\/td><\/tr><tr class=\"mdc-data-table__row\"><td class=\"mdc-data-table__cell\">Kermesse<\/td><td class=\"mdc-data-table__cell\">28 Juin 2025 Halle Saint Blaise du Buis<\/td><\/tr><tr class=\"mdc-data-table__row\"><td class=\"mdc-data-table__cell\">AG Ann\u00e9e scolaire 2024-2025<\/td><td class=\"mdc-data-table__cell\">A d\u00e9finir en septembre 2025<\/td><\/tr><\/tbody><\/table><\/div><\/div>\n\n\n\n<p><\/p>\n\n\n\n<p><\/p>\n","protected":false},"excerpt":{"rendered":"","protected":false},"author":1,"featured_media":0,"parent":0,"menu_order":0,"comment_status":"closed","ping_status":"closed","template":"","meta":{"material-hide-sections":[],"footnotes":""},"class_list":["post-765","page","type-page","status-publish","hentry"],"_links":{"self":[{"href":"https:\/\/soureaumontsaintblaise.fr\/index.php?rest_route=\/wp\/v2\/pages\/765","targetHints":{"allow":["GET"]}}],"collection":[{"href":"https:\/\/soureaumontsaintblaise.fr\/index.php?rest_route=\/wp\/v2\/pages"}],"about":[{"href":"https:\/\/soureaumontsaintblaise.fr\/index.php?rest_route=\/wp\/v2\/types\/page"}],"author":[{"embeddable":true,"href":"https:\/\/soureaumontsaintblaise.fr\/index.php?rest_route=\/wp\/v2\/users\/1"}],"replies":[{"embeddable":true,"href":"https:\/\/soureaumontsaintblaise.fr\/index.php?rest_route=%2Fwp%2Fv2%2Fcomments&post=765"}],"version-history":[{"count":24,"href":"https:\/\/soureaumontsaintblaise.fr\/index.php?rest_route=\/wp\/v2\/pages\/765\/revisions"}],"predecessor-version":[{"id":1305,"href":"https:\/\/soureaumontsaintblaise.fr\/index.php?rest_route=\/wp\/v2\/pages\/765\/revisions\/1305"}],"wp:attachment":[{"href":"https:\/\/soureaumontsaintblaise.fr\/index.php?rest_route=%2Fwp%2Fv2%2Fmedia&parent=765"}],"curies":[{"name":"wp","href":"https:\/\/api.w.org\/{rel}","templated":true}]}}