{"id":26,"date":"2020-10-08T22:43:11","date_gmt":"2020-10-08T20:43:11","guid":{"rendered":"http:\/\/verif.soureaumontsaintblaise.fr\/wordpressone\/?page_id=26"},"modified":"2024-11-19T15:03:34","modified_gmt":"2024-11-19T14:03:34","slug":"le-sou","status":"publish","type":"page","link":"https:\/\/soureaumontsaintblaise.fr\/?page_id=26","title":{"rendered":"Le Sou R\u00e9aumont &#8211; Saint Blaise du Buis"},"content":{"rendered":"\n<p class=\"has-text-align-center\"><a href=\"https:\/\/soureaumontsaintblaise.fr\/?p=1215\" data-type=\"post\" data-id=\"1041\">Bureau 2024 &#8211; 2025<\/a><\/p>\n\n\n\n<p><\/p>\n\n\n\n<p class=\"has-text-align-center\"><strong>Association \u00ab\u00a0loi 1901\u00a0\u00bb \u00e0 but non lucratif compos\u00e9e de parents d\u2019\u00e9l\u00e8ves de R\u00e9aumont et St Blaise du Buis.<br>L&rsquo;association est ouverte \u00e0 tous ceux qui souhaitent, ponctuellement ou r\u00e9guli\u00e8rement. Venez nous apporter vos id\u00e9es et un peu de votre temps.<br>La bonne ambiance est garantie !<\/strong><\/p>\n\n\n\n<p>Rappelons que si le Sou des \u00e9coles ne pouvait financer les sorties et activit\u00e9s des \u00e9l\u00e8ves, celles-ci seraient \u00e0 la charge des parents ou ne pourraient se faire faute de fond suffisant.<br>Alors mobilisons-nous tous ensemble !<\/p>\n\n\n\n<div class=\"wp-block-columns is-layout-flex wp-container-core-columns-is-layout-1 wp-block-columns-is-layout-flex\">\n<div class=\"wp-block-column is-layout-flow wp-block-column-is-layout-flow\">\n<figure class=\"wp-block-image size-large\"><img loading=\"lazy\" decoding=\"async\" width=\"387\" height=\"148\" src=\"http:\/\/verif.soureaumontsaintblaise.fr\/wordpressone\/wp-content\/uploads\/2017\/10\/Logo_projet.JPG\" alt=\"Logo_projet\" class=\"wp-image-334\" srcset=\"https:\/\/soureaumontsaintblaise.fr\/wp-content\/uploads\/2017\/10\/Logo_projet.JPG 387w, https:\/\/soureaumontsaintblaise.fr\/wp-content\/uploads\/2017\/10\/Logo_projet-300x115.jpg 300w\" sizes=\"auto, (max-width: 387px) 100vw, 387px\" \/><\/figure>\n<\/div>\n\n\n\n<div class=\"wp-block-column is-layout-flow wp-block-column-is-layout-flow\">\n<figure class=\"wp-block-image size-large\"><img loading=\"lazy\" decoding=\"async\" width=\"387\" height=\"166\" src=\"http:\/\/verif.soureaumontsaintblaise.fr\/wordpressone\/wp-content\/uploads\/2021\/01\/Logo_transport.jpg\" alt=\"\" class=\"wp-image-564\" srcset=\"https:\/\/soureaumontsaintblaise.fr\/wp-content\/uploads\/2021\/01\/Logo_transport.jpg 387w, https:\/\/soureaumontsaintblaise.fr\/wp-content\/uploads\/2021\/01\/Logo_transport-300x129.jpg 300w\" sizes=\"auto, (max-width: 387px) 100vw, 387px\" \/><\/figure>\n<\/div>\n<\/div>\n\n\n\n<div class=\"wp-block-group is-layout-flow wp-block-group-is-layout-flow\"><\/div>\n\n\n\n<div class=\"wp-block-columns is-layout-flex wp-container-core-columns-is-layout-2 wp-block-columns-is-layout-flex\">\n<div class=\"wp-block-column is-layout-flow wp-block-column-is-layout-flow\" style=\"flex-basis:100%\">\n<div class=\"wp-block-group is-layout-flow wp-block-group-is-layout-flow\">\n<p>Pour identifier plus facilement las activit\u00e9s p\u00e9dagogique financ\u00e9es par le Sou, nous avons mis en place 2 logos.<\/p>\n<\/div>\n<\/div>\n<\/div>\n\n\n\n<p><strong><em>Objectif <\/em><\/strong><br>Organiser des manifestations pour r\u00e9colter des fonds afin de financer ou d&rsquo;aider \u00e0 financer des sorties scolaires et activit\u00e9s pour les \u00e9l\u00e8ves de nos 2 \u00e9coles :<br>Activit\u00e9s sportives (piscine), Activit\u00e9s culturelles (cin\u00e9ma, th\u00e9\u00e2tre, spectacles, &#8230;), Classe verte<\/p>\n\n\n\n<p><strong>Organisation<\/strong><br>Le bureau est \u00e9lu ou r\u00e9-\u00e9lu chaque ann\u00e9e lors de l&rsquo;assembl\u00e9e g\u00e9n\u00e9rale de septembre.<br>Selon le calendrier des manifestations, le bureau se r\u00e9unit plus ou moins souvent. Tout les membres actifs du Sou sont les bienvenus aux r\u00e9unions pour participer \u00e0 l&rsquo;organisation des manifs.<\/p>\n\n\n\n<p><strong>Financement<\/strong><br>Le budget de l&rsquo;association est aliment\u00e9 par les manifestations organis\u00e9es par le Sou des Ecoles, une subvention de chaque mairie (calcul\u00e9 selon les effectifs) et la cotisation demand\u00e9 aux parents en d\u00e9but d&rsquo;ann\u00e9e.<\/p>\n\n\n\n<p class=\"has-text-align-center\"><a href=\"https:\/\/soureaumontsaintblaise.fr\/?p=1204\" data-type=\"page\">Cotisation Scolaire<\/a><\/p>\n\n\n\n<p><\/p>\n\n\n\n<p class=\"has-text-align-left\"><a href=\"https:\/\/soureaumontsaintblaise.fr\/?p=1041\" data-type=\"post\" data-id=\"1041\">Bureau 2023 &#8211; 2024<\/a><\/p>\n\n\n\n<div class=\"wp-block-group is-layout-flow wp-block-group-is-layout-flow\">\n<p class=\"has-text-align-left\"> <a href=\"https:\/\/soureaumontsaintblaise.fr\/?page_id=972\">Bureau 2022 &#8211; 2023<\/a> <\/p>\n\n\n\n<div class=\"wp-block-columns is-layout-flex wp-container-core-columns-is-layout-3 wp-block-columns-is-layout-flex\">\n<div class=\"wp-block-column is-layout-flow wp-block-column-is-layout-flow\">\n<p><a href=\"https:\/\/soureaumontsaintblaise.fr\/?page_id=825\" data-type=\"URL\">Bureau 2021 &#8211; 2022<\/a> <\/p>\n\n\n\n<p><a href=\"https:\/\/soureaumontsaintblaise.fr\/?page_id=477\" data-type=\"URL\">Bureau 2020 &#8211; 2021<\/a><\/p>\n\n\n\n<p><a href=\"https:\/\/soureaumontsaintblaise.fr\/?page_id=433\" data-type=\"URL\">Bureau 2019 <\/a><a href=\"https:\/\/soureaumontsaintblaise.fr\/le-bureau-2019-2020\/\" data-type=\"URL\">&#8211;<\/a><a href=\"https:\/\/soureaumontsaintblaise.fr\/?page_id=433\" data-type=\"URL\"> 2020<\/a><\/p>\n<\/div>\n\n\n\n<div class=\"wp-block-column is-layout-flow wp-block-column-is-layout-flow\"><\/div>\n<\/div>\n<\/div>\n\n\n\n<p><\/p>\n","protected":false},"excerpt":{"rendered":"<p>Bureau 2024 &#8211; 2025 Association \u00ab\u00a0loi 1901\u00a0\u00bb \u00e0 but non lucratif compos\u00e9e de parents d\u2019\u00e9l\u00e8ves de R\u00e9aumont et St Blaise du Buis.L&rsquo;association est ouverte \u00e0 tous ceux qui souhaitent, ponctuellement ou r\u00e9guli\u00e8rement. Venez nous apporter vos id\u00e9es et un peu de votre temps.La bonne ambiance est garantie ! Rappelons que si le Sou des \u00e9coles [&hellip;]<\/p>\n","protected":false},"author":1,"featured_media":0,"parent":0,"menu_order":0,"comment_status":"closed","ping_status":"closed","template":"","meta":{"material-hide-sections":[],"footnotes":""},"class_list":["post-26","page","type-page","status-publish","hentry"],"_links":{"self":[{"href":"https:\/\/soureaumontsaintblaise.fr\/index.php?rest_route=\/wp\/v2\/pages\/26","targetHints":{"allow":["GET"]}}],"collection":[{"href":"https:\/\/soureaumontsaintblaise.fr\/index.php?rest_route=\/wp\/v2\/pages"}],"about":[{"href":"https:\/\/soureaumontsaintblaise.fr\/index.php?rest_route=\/wp\/v2\/types\/page"}],"author":[{"embeddable":true,"href":"https:\/\/soureaumontsaintblaise.fr\/index.php?rest_route=\/wp\/v2\/users\/1"}],"replies":[{"embeddable":true,"href":"https:\/\/soureaumontsaintblaise.fr\/index.php?rest_route=%2Fwp%2Fv2%2Fcomments&post=26"}],"version-history":[{"count":25,"href":"https:\/\/soureaumontsaintblaise.fr\/index.php?rest_route=\/wp\/v2\/pages\/26\/revisions"}],"predecessor-version":[{"id":1219,"href":"https:\/\/soureaumontsaintblaise.fr\/index.php?rest_route=\/wp\/v2\/pages\/26\/revisions\/1219"}],"wp:attachment":[{"href":"https:\/\/soureaumontsaintblaise.fr\/index.php?rest_route=%2Fwp%2Fv2%2Fmedia&parent=26"}],"curies":[{"name":"wp","href":"https:\/\/api.w.org\/{rel}","templated":true}]}}